{"id":1041,"date":"2021-08-16T18:35:48","date_gmt":"2021-08-16T17:35:48","guid":{"rendered":"https:\/\/software-joksch.com\/?page_id=1041"},"modified":"2025-02-16T10:53:38","modified_gmt":"2025-02-16T09:53:38","slug":"imprimir","status":"publish","type":"page","link":"https:\/\/software-joksch.com\/?page_id=1041&lang=es","title":{"rendered":"imprimir"},"content":{"rendered":"\t\t<div data-elementor-type=\"wp-page\" data-elementor-id=\"1041\" class=\"elementor elementor-1041 elementor-587\" data-elementor-post-type=\"page\">\n\t\t\t\t\t\t<section class=\"elementor-section elementor-top-section elementor-element elementor-element-5ed17f6 elementor-section-boxed elementor-section-height-default elementor-section-height-default\" data-id=\"5ed17f6\" data-element_type=\"section\" data-e-type=\"section\">\n\t\t\t\t\t\t<div class=\"elementor-container elementor-column-gap-default\">\n\t\t\t\t\t<div class=\"elementor-column elementor-col-100 elementor-top-column elementor-element elementor-element-3c25b42\" data-id=\"3c25b42\" data-element_type=\"column\" data-e-type=\"column\">\n\t\t\t<div class=\"elementor-widget-wrap elementor-element-populated\">\n\t\t\t\t\t\t<div class=\"elementor-element elementor-element-9d10fdf elementor-widget elementor-widget-heading\" data-id=\"9d10fdf\" data-element_type=\"widget\" data-e-type=\"widget\" data-widget_type=\"heading.default\">\n\t\t\t\t<div class=\"elementor-widget-container\">\n\t\t\t\t\t<h1 class=\"elementor-heading-title elementor-size-xl\">imprimir<\/h1>\t\t\t\t<\/div>\n\t\t\t\t<\/div>\n\t\t\t\t\t<\/div>\n\t\t<\/div>\n\t\t\t\t\t<\/div>\n\t\t<\/section>\n\t\t\t\t<section class=\"elementor-section elementor-top-section elementor-element elementor-element-53f4417 elementor-section-boxed elementor-section-height-default elementor-section-height-default\" data-id=\"53f4417\" data-element_type=\"section\" data-e-type=\"section\">\n\t\t\t\t\t\t<div class=\"elementor-container elementor-column-gap-default\">\n\t\t\t\t\t<div class=\"elementor-column elementor-col-100 elementor-top-column elementor-element elementor-element-b1f988c\" data-id=\"b1f988c\" data-element_type=\"column\" data-e-type=\"column\">\n\t\t\t<div class=\"elementor-widget-wrap elementor-element-populated\">\n\t\t\t\t\t\t<div class=\"elementor-element elementor-element-3d9eed5 elementor-widget elementor-widget-html\" data-id=\"3d9eed5\" data-element_type=\"widget\" data-e-type=\"widget\" data-widget_type=\"html.default\">\n\t\t\t\t<div class=\"elementor-widget-container\">\n\t\t\t\t\t<script src=\"https:\/\/apps.elfsight.com\/p\/platform.js\" defer><\/script>\n<div class=\"elfsight-app-c81d8825-cd1f-494c-b282-f98cdb38f8ae\"><\/div>\t\t\t\t<\/div>\n\t\t\t\t<\/div>\n\t\t\t\t<div class=\"elementor-element elementor-element-f424f22 elementor-widget elementor-widget-html\" data-id=\"f424f22\" data-element_type=\"widget\" data-e-type=\"widget\" data-widget_type=\"html.default\">\n\t\t\t\t<div class=\"elementor-widget-container\">\n\t\t\t\t\t<br><br><h2>Pol\u00edtica de privacidad<\/h2> <p>Los datos personales (en lo sucesivo denominados mayoritariamente \"datos\") son procesados por nosotros s\u00f3lo en la medida necesaria y con el fin de proporcionar un sitio web funcional y f\u00e1cil de usar, incluyendo su contenido y los servicios que en \u00e9l se ofrecen.<\/p> <p>Seg\u00fan el art\u00edculo 4, apartado 1, del Reglamento (UE) 2016\/679, es decir, el Reglamento General de Protecci\u00f3n de Datos (en lo sucesivo, \"RGPD\"), se entender\u00e1 por \"tratamiento\" cualquier operaci\u00f3n o conjunto de operaciones, efectuadas o no mediante procedimientos automatizados, y aplicadas a datos personales o a conjuntos de datos personales, como la recogida, registro, organizaci\u00f3n, estructuraci\u00f3n, conservaci\u00f3n, elaboraci\u00f3n o modificaci\u00f3n, extracci\u00f3n, consulta, utilizaci\u00f3n, comunicaci\u00f3n por transmisi\u00f3n, difusi\u00f3n o cualquier otra forma de habilitaci\u00f3n de acceso, cotejo o interconexi\u00f3n, limitaci\u00f3n, supresi\u00f3n o destrucci\u00f3n.<\/p> <p>Con la siguiente pol\u00edtica de privacidad, te informamos en particular sobre el tipo, el alcance, la finalidad, la duraci\u00f3n y la base jur\u00eddica del tratamiento de los datos personales, en la medida en que decidimos solos o junto con otros los fines y los medios del tratamiento. Adem\u00e1s, a continuaci\u00f3n te informamos sobre los componentes de terceros que utilizamos con fines de optimizaci\u00f3n y para aumentar la calidad de uso, en la medida en que los terceros procesan los datos bajo su propia responsabilidad. <\/p> <p>Nuestra pol\u00edtica de privacidad est\u00e1 estructurada de la siguiente manera:<\/p> <p>I.<br><br>Informaci\u00f3n sobre nosotros como responsables del tratamiento II. Derechos de los usuarios y de los interesados III. Informaci\u00f3n sobre el tratamiento de datos<\/p> <h3>I. Informaci\u00f3n sobre nosotros como responsables del tratamiento<\/h3> <p>El proveedor responsable de este sitio web en t\u00e9rminos de la ley de protecci\u00f3n de datos es<\/p> <p><span><br><br><br>GoT-IT Calle la Fuente 24 38627 San Miguel de Abona Espa\u00f1a<\/span><\/p> <p><span><br> <br>Tel\u00e9fono: ES: +34 6117 65 07 Correo electr\u00f3nico: info@got-it.ch<\/span><\/p> <h3>II Derechos de los usuarios y de los interesados<\/h3> <p>En relaci\u00f3n con el tratamiento de datos que se describe con m\u00e1s detalle a continuaci\u00f3n, los usuarios y los interesados tienen derecho a<\/p> <ul> <li>a la confirmaci\u00f3n de si se est\u00e1n procesando datos que les conciernen, a la informaci\u00f3n sobre los datos procesados, a m\u00e1s informaci\u00f3n sobre el procesamiento de datos y a copias de los datos (cf. tambi\u00e9n Art. 15 GDPR);<\/li> <li>a la rectificaci\u00f3n o cumplimentaci\u00f3n de datos incorrectos o incompletos (v\u00e9ase tambi\u00e9n el art. 16 del RGPD);<\/li> <li>a la supresi\u00f3n inmediata de los datos que les conciernen (v\u00e9ase tambi\u00e9n el Art. 17 GDPR) o, alternativamente, si se requiere un tratamiento posterior de conformidad con el Art. 17 (3) GDPR, a la restricci\u00f3n del tratamiento de conformidad con el Art. 18 GDPR; <\/li> <li>a recibir los datos que les conciernen y que han facilitado y a transferir estos datos a otros proveedores\/responsables del tratamiento (cf. tambi\u00e9n Art. 20 GDPR);<\/li> <li>a presentar una reclamaci\u00f3n ante la autoridad supervisora si considera que el proveedor est\u00e1 tratando los datos que le conciernen infringiendo la normativa sobre protecci\u00f3n de datos (v\u00e9ase tambi\u00e9n el art. 77 del RGPD).<\/li> <\/ul> <p>Adem\u00e1s, el proveedor est\u00e1 obligado a informar a todos los destinatarios a los que el proveedor haya revelado datos de cualquier correcci\u00f3n o eliminaci\u00f3n de datos o de la restricci\u00f3n del procesamiento que tenga lugar sobre la base de los Art\u00edculos 16, 17 p\u00e1rrafo 1, 18 GDPR. Sin embargo, esta obligaci\u00f3n no se aplica si esta notificaci\u00f3n es imposible o supone un esfuerzo desproporcionado. No obstante, el usuario tiene derecho a recibir informaci\u00f3n sobre estos destinatarios.   <\/p> <p><strong>De conformidad con el Art. 21 del GDPR, los usuarios y los interesados tambi\u00e9n tienen derecho a oponerse al tratamiento futuro de los datos que les conciernen, siempre que los datos sean tratados por el proveedor de conformidad con el Art. 6 p\u00e1rr. 1 lit. f) del GDPR. En particular, se permite la oposici\u00f3n al tratamiento de datos con fines de publicidad directa.   <\/strong><\/p> <h3>III. Informaci\u00f3n sobre el tratamiento de datos<\/h3> <p>Tus datos procesados al utilizar nuestro sitio web se eliminar\u00e1n o bloquear\u00e1n tan pronto como el prop\u00f3sito del almacenamiento deje de ser aplicable, la eliminaci\u00f3n de los datos no entre en conflicto con ninguna obligaci\u00f3n legal de conservaci\u00f3n y no se proporcione m\u00e1s informaci\u00f3n a continuaci\u00f3n sobre los procedimientos individuales de procesamiento.<\/p>  <h4>Cookies<\/h4> <h5>a) Cookies de sesi\u00f3n<\/h5> <p>En nuestro sitio web utilizamos las llamadas cookies. Las cookies son peque\u00f1os archivos de texto u otras tecnolog\u00edas de almacenamiento que el navegador de Internet que utilizas coloca y almacena en tu dispositivo final. Estas cookies procesan cierta informaci\u00f3n sobre ti, como los datos de tu navegador o ubicaci\u00f3n o tu direcci\u00f3n IP, de forma individualizada.    &nbsp;<\/p> <p>Este procesamiento hace que nuestro sitio web sea m\u00e1s f\u00e1cil de usar, eficaz y seguro, ya que el procesamiento permite, por ejemplo, la reproducci\u00f3n de nuestro sitio web en diferentes idiomas o la oferta de una funci\u00f3n de cesta de la compra. <\/p> <p>La base legal para este procesamiento es el Art. 6 p\u00e1rr. 1 lit. b.) GDPR, en la medida en que estas cookies procesan datos para el inicio o el cumplimiento de contratos.<\/p> <p>Si el tratamiento no sirve para iniciar o cumplir un contrato, nuestro inter\u00e9s leg\u00edtimo reside en mejorar la funcionalidad de nuestro sitio web. La base jur\u00eddica en este caso es el Art. 6 p\u00e1rr. 1 lit. f) GDPR.   <\/p> <p>Estas cookies de sesi\u00f3n se eliminan cuando cierras tu navegador de Internet.<\/p> <h5>b) Cookies de terceros<\/h5> <p>Nuestro sitio web tambi\u00e9n puede utilizar cookies de empresas asociadas con las que trabajamos con fines publicitarios, de an\u00e1lisis o de las funcionalidades de nuestro sitio web.<\/p> <p>Consulta la siguiente informaci\u00f3n para obtener m\u00e1s detalles, en particular los fines y la base jur\u00eddica para el tratamiento de dichas cookies de terceros.<\/p> <h5>c) Posibilidad de eliminaci\u00f3n<\/h5> <p>Puedes impedir o restringir la instalaci\u00f3n de cookies cambiando la configuraci\u00f3n de tu navegador de Internet. Tambi\u00e9n puedes eliminar en cualquier momento las cookies que ya se hayan guardado. Sin embargo, los pasos y medidas necesarios para ello dependen del navegador de Internet espec\u00edfico que utilices. Si tienes alguna duda, utiliza la funci\u00f3n de ayuda o la documentaci\u00f3n de tu navegador de Internet o ponte en contacto con su fabricante o con el servicio de asistencia. Sin embargo, en el caso de las denominadas cookies Flash, no se puede impedir el procesamiento a trav\u00e9s de la configuraci\u00f3n del navegador. En su lugar, debes cambiar la configuraci\u00f3n de tu reproductor Flash. Los pasos y medidas necesarios para ello tambi\u00e9n dependen del reproductor Flash espec\u00edfico que est\u00e9s utilizando. Si tienes alguna duda, utiliza tambi\u00e9n la funci\u00f3n de ayuda o la documentaci\u00f3n de tu reproductor Flash o ponte en contacto con el fabricante o con el servicio de atenci\u00f3n al usuario.       <\/p> <p>Sin embargo, si impides o restringes la instalaci\u00f3n de cookies, esto puede significar que no todas las funciones de nuestro sitio web puedan utilizarse en toda su extensi\u00f3n.<\/p>  <h4>Google Analytics<\/h4> <p>Utilizamos Google Analytics en nuestro sitio web. Se trata de un servicio de an\u00e1lisis web prestado por Google Ireland Limited, Gordon House, Barrow Street, Dubl\u00edn 4, Irlanda, en adelante \"Google\". <\/p> <p>El servicio Google Analytics se utiliza para analizar el comportamiento de uso de nuestro sitio web. La base legal es el Art. 6 p\u00e1rr. 1 lit. f) GDPR. Nuestro inter\u00e9s leg\u00edtimo reside en el an\u00e1lisis, la optimizaci\u00f3n y el funcionamiento econ\u00f3mico de nuestro sitio web.    <\/p> <p>La informaci\u00f3n relativa al uso y al usuario, como la direcci\u00f3n IP, la ubicaci\u00f3n, la hora o la frecuencia de las visitas a nuestro sitio web, se transmite a un servidor de Google en EE.UU. y se almacena all\u00ed. Sin embargo, utilizamos Google Analytics con la denominada funci\u00f3n de anonimizaci\u00f3n. Esta funci\u00f3n permite a Google truncar la direcci\u00f3n IP dentro de la UE o del EEE.   <\/p> <p>Los datos recogidos de esta forma son utilizados a su vez por Google para proporcionarnos una evaluaci\u00f3n de la visita a nuestro sitio web y de las actividades de uso del mismo. Estos datos tambi\u00e9n pueden utilizarse para prestar otros servicios relacionados con el uso de nuestro sitio web y el uso de Internet. <\/p> <p>Google declara que no asociar\u00e1 tu direcci\u00f3n IP con ning\u00fan otro dato. Adem\u00e1s, Google conserva <\/p> <p><a href=\"https:\/\/www.google.com\/intl\/de\/policies\/privacy\/partners\" target=\"_blank\" rel=\"noopener\">https:\/\/www.google.com\/intl\/de\/policies\/privacy\/partners<\/a><\/p> <p>Te proporcionamos m\u00e1s informaci\u00f3n sobre la ley de protecci\u00f3n de datos, por ejemplo, sobre las opciones para impedir el uso de datos. <\/p> <p>Google tambi\u00e9n ofrece<\/p> <p><a href=\"https:\/\/tools.google.com\/dlpage\/gaoptout?hl=de\" target=\"_blank\" rel=\"noopener\">https:\/\/tools.google.com\/dlpage\/gaoptout?hl=de<\/a><\/p> <p>el denominado complemento de desactivaci\u00f3n, junto con m\u00e1s informaci\u00f3n al respecto. Este complemento se puede instalar con los navegadores de Internet m\u00e1s comunes y te ofrece un mayor control sobre los datos que Google recopila cuando visitas nuestro sitio web. El complemento informa al JavaScript (ga.js) de Google Analytics de que la informaci\u00f3n sobre tu visita a nuestro sitio web no debe transmitirse a Google Analytics. Sin embargo, esto no impide que se nos transmita informaci\u00f3n a nosotros o a otros servicios de an\u00e1lisis web. Por supuesto, tambi\u00e9n puedes saber si utilizamos otros servicios de an\u00e1lisis web, y cu\u00e1les, en esta pol\u00edtica de privacidad.    <\/p>  <h4>IONOS WebAnalytics<\/h4> <p>En nuestro sitio web utilizamos WebAnalytics. Se trata de un servicio de an\u00e1lisis de 1&amp;1 IONOS SE, Elgendorfer Str. 57, 56410 Montabaur, Alemania, en adelante \"WebAnalytics\", con el que podemos analizar el uso de nuestro sitio web. <\/p> <p>Con fines de an\u00e1lisis, se recopilan en nuestro nombre, mediante un p\u00edxel o a trav\u00e9s de los archivos de registro, datos sobre el tipo y la versi\u00f3n de tu navegador de Internet, tu sistema operativo, el tipo de tu dispositivo final, el sitio web desde el que pasaste a nuestro sitio web (URL de referencia), el sitio o sitios web de nuestro sitio web que visitas o los archivos que solicitas, la fecha y hora del acceso respectivo y la direcci\u00f3n IP anonimizada de la conexi\u00f3n a Internet desde la que se utiliza nuestro sitio web.<\/p> <p>La base legal es el Art. 6 p\u00e1rrafo 1 lit. f) GDPR. Nuestro inter\u00e9s leg\u00edtimo reside en el an\u00e1lisis, la optimizaci\u00f3n, la mejora y el funcionamiento econ\u00f3mico de nuestro sitio web.   <\/p>  <p><\/p>\n<style>\n    body, h3 , h2 , h5, h4{\n        color:white;\n    }\n  \n<\/style>\n\n\t\t\t\t<\/div>\n\t\t\t\t<\/div>\n\t\t\t\t\t<\/div>\n\t\t<\/div>\n\t\t\t\t\t<\/div>\n\t\t<\/section>\n\t\t\t\t<\/div>\n\t\t","protected":false},"excerpt":{"rendered":"<p>imprimir Pol\u00edtica de privacidad Los datos personales (en lo sucesivo denominados mayoritariamente &#8222;datos&#8220;) son procesados por nosotros s\u00f3lo en la medida necesaria y con el fin de proporcionar un sitio web funcional y f\u00e1cil de usar, incluyendo su contenido y los servicios que en \u00e9l se ofrecen. Seg\u00fan el art\u00edculo 4, apartado 1, del Reglamento [&hellip;]<\/p>\n","protected":false},"author":2,"featured_media":0,"parent":0,"menu_order":0,"comment_status":"closed","ping_status":"closed","template":"","meta":{"footnotes":""},"class_list":["post-1041","page","type-page","status-publish","hentry","entry"],"_links":{"self":[{"href":"https:\/\/software-joksch.com\/index.php?rest_route=\/wp\/v2\/pages\/1041","targetHints":{"allow":["GET"]}}],"collection":[{"href":"https:\/\/software-joksch.com\/index.php?rest_route=\/wp\/v2\/pages"}],"about":[{"href":"https:\/\/software-joksch.com\/index.php?rest_route=\/wp\/v2\/types\/page"}],"author":[{"embeddable":true,"href":"https:\/\/software-joksch.com\/index.php?rest_route=\/wp\/v2\/users\/2"}],"replies":[{"embeddable":true,"href":"https:\/\/software-joksch.com\/index.php?rest_route=%2Fwp%2Fv2%2Fcomments&post=1041"}],"version-history":[{"count":3,"href":"https:\/\/software-joksch.com\/index.php?rest_route=\/wp\/v2\/pages\/1041\/revisions"}],"predecessor-version":[{"id":1864,"href":"https:\/\/software-joksch.com\/index.php?rest_route=\/wp\/v2\/pages\/1041\/revisions\/1864"}],"wp:attachment":[{"href":"https:\/\/software-joksch.com\/index.php?rest_route=%2Fwp%2Fv2%2Fmedia&parent=1041"}],"curies":[{"name":"wp","href":"https:\/\/api.w.org\/{rel}","templated":true}]}}