{"id":1067,"date":"2021-01-25T20:04:29","date_gmt":"2021-01-25T19:04:29","guid":{"rendered":"https:\/\/software-joksch.com\/?page_id=1067"},"modified":"2026-03-21T09:22:08","modified_gmt":"2026-03-21T08:22:08","slug":"generazione-di-tecnologia-got-it","status":"publish","type":"page","link":"https:\/\/software-joksch.com\/?page_id=1067&lang=it","title":{"rendered":"Generazione di tecnologia GoT-IT"},"content":{"rendered":"\t\t<div data-elementor-type=\"wp-page\" data-elementor-id=\"1067\" class=\"elementor elementor-1067 elementor-17\" data-elementor-post-type=\"page\">\n\t\t\t\t\t\t<section class=\"elementor-section elementor-top-section elementor-element elementor-element-2368bae elementor-section-full_width elementor-section-height-min-height elementor-section-height-default elementor-section-items-middle\" data-id=\"2368bae\" data-element_type=\"section\" data-e-type=\"section\" data-settings=\"{&quot;shape_divider_bottom&quot;:&quot;mountains&quot;}\">\n\t\t\t\t\t<div class=\"elementor-shape elementor-shape-bottom\" aria-hidden=\"true\" data-negative=\"false\">\n\t\t\t<svg xmlns=\"http:\/\/www.w3.org\/2000\/svg\" viewBox=\"0 0 1000 100\" preserveAspectRatio=\"none\">\n\t<path class=\"elementor-shape-fill\" opacity=\"0.33\" d=\"M473,67.3c-203.9,88.3-263.1-34-320.3,0C66,119.1,0,59.7,0,59.7V0h1000v59.7 c0,0-62.1,26.1-94.9,29.3c-32.8,3.3-62.8-12.3-75.8-22.1C806,49.6,745.3,8.7,694.9,4.7S492.4,59,473,67.3z\"\/>\n\t<path class=\"elementor-shape-fill\" opacity=\"0.66\" d=\"M734,67.3c-45.5,0-77.2-23.2-129.1-39.1c-28.6-8.7-150.3-10.1-254,39.1 s-91.7-34.4-149.2,0C115.7,118.3,0,39.8,0,39.8V0h1000v36.5c0,0-28.2-18.5-92.1-18.5C810.2,18.1,775.7,67.3,734,67.3z\"\/>\n\t<path class=\"elementor-shape-fill\" d=\"M766.1,28.9c-200-57.5-266,65.5-395.1,19.5C242,1.8,242,5.4,184.8,20.6C128,35.8,132.3,44.9,89.9,52.5C28.6,63.7,0,0,0,0 h1000c0,0-9.9,40.9-83.6,48.1S829.6,47,766.1,28.9z\"\/>\n<\/svg>\t\t<\/div>\n\t\t\t\t\t<div class=\"elementor-container elementor-column-gap-narrow\">\n\t\t\t\t\t<div class=\"elementor-column elementor-col-100 elementor-top-column elementor-element elementor-element-f884207\" data-id=\"f884207\" data-element_type=\"column\" data-e-type=\"column\">\n\t\t\t<div class=\"elementor-widget-wrap elementor-element-populated\">\n\t\t\t\t\t\t<div class=\"elementor-element elementor-element-7a2d750 elementor-align-center bdt-navigation-type-arrows elementor-widget elementor-widget-bdt-slider\" data-id=\"7a2d750\" data-element_type=\"widget\" data-e-type=\"widget\" data-widget_type=\"bdt-slider.default\">\n\t\t\t\t<div class=\"elementor-widget-container\">\n\t\t\t\t\t\t\t<div id=\"bdt-slider-7a2d750\" class=\"bdt-slider bdt-arrows-align-center\" data-settings=\"{&quot;autoplay&quot;:{&quot;delay&quot;:10000},&quot;loop&quot;:true,&quot;speed&quot;:650,&quot;pauseOnHover&quot;:true,&quot;effect&quot;:&quot;fade&quot;,&quot;fadeEffect&quot;:{&quot;crossFade&quot;:true},&quot;navigation&quot;:{&quot;nextEl&quot;:&quot;#bdt-slider-7a2d750 .bdt-navigation-next&quot;,&quot;prevEl&quot;:&quot;#bdt-slider-7a2d750 .bdt-navigation-prev&quot;},&quot;pagination&quot;:{&quot;el&quot;:&quot;#bdt-slider-7a2d750 .swiper-pagination&quot;,&quot;type&quot;:&quot;&quot;,&quot;clickable&quot;:&quot;true&quot;,&quot;dynamicBullets&quot;:false},&quot;scrollbar&quot;:{&quot;el&quot;:&quot;#bdt-slider-7a2d750 .swiper-scrollbar&quot;,&quot;hide&quot;:&quot;true&quot;}}\">\n\t\t\t<div class=\"swiper-carousel swiper\" role=\"region\" aria-roledescription=\"carousel\" aria-label=\"Slider\" dir=\"ltr\">\n\t\t\t\t\t\t<div class=\"swiper-wrapper\">\n\t\t\t\t\t<div class=\"bdt-slide-item swiper-slide bdt-slide-effect-left\">\n\n\t\t\t\t\n\t\t\t\t\t\t\t\t\t\t\t<div class=\"bdt-slider-image-wrapper\">\n\t\t\t\t\t\t\t<img fetchpriority=\"high\" decoding=\"async\" width=\"1920\" height=\"1080\" src=\"https:\/\/software-joksch.com\/wp-content\/uploads\/2022\/01\/processor-ge6e9dd8f4_1920.jpg\" class=\"bdt-cover\" alt=\"Netzwerktechnik\" data-bdt-cover=\"1\" srcset=\"https:\/\/software-joksch.com\/wp-content\/uploads\/2022\/01\/processor-ge6e9dd8f4_1920.jpg 1920w, https:\/\/software-joksch.com\/wp-content\/uploads\/2022\/01\/processor-ge6e9dd8f4_1920-300x169.jpg 300w, https:\/\/software-joksch.com\/wp-content\/uploads\/2022\/01\/processor-ge6e9dd8f4_1920-1024x576.jpg 1024w, https:\/\/software-joksch.com\/wp-content\/uploads\/2022\/01\/processor-ge6e9dd8f4_1920-768x432.jpg 768w, https:\/\/software-joksch.com\/wp-content\/uploads\/2022\/01\/processor-ge6e9dd8f4_1920-1536x864.jpg 1536w\" sizes=\"(max-width: 1920px) 100vw, 1920px\" \/>\t\t\t\t\t\t<\/div>\n\t\t\t\t\t\n\t\t\t\t\t<div class=\"bdt-slide-desc bdt-position-large bdt-position-center bdt-position-z-index\">\n\n\t\t\t\t\t\t\t\t\t\t\t\t\t<h1 class=\"bdt-slide-title bdt-clearfix\">\n\t\t\t\t\t\t\t\tNetzwerktechnik\t\t\t\t\t\t\t<\/h1>\n\t\t\t\t\t\t\n\t\t\t\t\t\t\t\t\t\t\t\t\t<div class=\"bdt-slide-text\">\n\t\t\t\t\t\t\t\t<p>Schnelle und saubere Gestaltung Ihres Unternehmens.<\/p>\t\t\t\t\t\t\t<\/div>\n\t\t\t\t\t\t\n\t\t\t\t\t\t\t\t\t\t\t\t\t<div class=\"bdt-slide-link-wrapper\">\n\t\t\t\t\t\t\t\t<a class=\"bdt-slide-link \" href=\"https:\/\/software-joksch.com\/?page_id=65&#038;preview_id=65\">\n\n\t\t\t\t\t\t\t\t\tScopri di pi\u00f9\n\t\t\t\t\t\t\t\t\t\t\t\t\t\t\t\t\t\t\t<span class=\"bdt-button-icon-align-right\">\n\n\t\t\t\t\t\t\t\t\t\t\t<i aria-hidden=\"true\" class=\"fa-fw fas fa-book-open\"><\/i>\n\t\t\t\t\t\t\t\t\t\t<\/span>\n\t\t\t\t\t\t\t\t\t\t\t\t\t\t\t\t\t<\/a>\n\t\t\t\t\t\t\t<\/div>\n\t\t\t\t\t\t\t\t\t\t\t<\/div>\n\n\t\t\t\t\n\t\t\t<\/div>\n\t\t\t\t\t\t<div class=\"bdt-slide-item swiper-slide bdt-slide-effect-left\">\n\n\t\t\t\t\n\t\t\t\t\t\t\t\t\t\t\t<div class=\"bdt-slider-image-wrapper\">\n\t\t\t\t\t\t\t<img decoding=\"async\" width=\"1920\" height=\"1440\" src=\"https:\/\/software-joksch.com\/wp-content\/uploads\/2022\/01\/web-ga703d2373_1920.jpg\" class=\"bdt-cover\" alt=\"Webdesign\" data-bdt-cover=\"1\" srcset=\"https:\/\/software-joksch.com\/wp-content\/uploads\/2022\/01\/web-ga703d2373_1920.jpg 1920w, https:\/\/software-joksch.com\/wp-content\/uploads\/2022\/01\/web-ga703d2373_1920-300x225.jpg 300w, https:\/\/software-joksch.com\/wp-content\/uploads\/2022\/01\/web-ga703d2373_1920-1024x768.jpg 1024w, https:\/\/software-joksch.com\/wp-content\/uploads\/2022\/01\/web-ga703d2373_1920-768x576.jpg 768w, https:\/\/software-joksch.com\/wp-content\/uploads\/2022\/01\/web-ga703d2373_1920-1536x1152.jpg 1536w\" sizes=\"(max-width: 1920px) 100vw, 1920px\" \/>\t\t\t\t\t\t<\/div>\n\t\t\t\t\t\n\t\t\t\t\t<div class=\"bdt-slide-desc bdt-position-large bdt-position-center bdt-position-z-index\">\n\n\t\t\t\t\t\t\t\t\t\t\t\t\t<h1 class=\"bdt-slide-title bdt-clearfix\">\n\t\t\t\t\t\t\t\tWebdesign\t\t\t\t\t\t\t<\/h1>\n\t\t\t\t\t\t\n\t\t\t\t\t\t\t\t\t\t\t\t\t<div class=\"bdt-slide-text\">\n\t\t\t\t\t\t\t\t<p>Wir gestalten auf Ihren Wunsch!<\/p>\t\t\t\t\t\t\t<\/div>\n\t\t\t\t\t\t\n\t\t\t\t\t\t\t\t\t\t\t\t\t<div class=\"bdt-slide-link-wrapper\">\n\t\t\t\t\t\t\t\t<a class=\"bdt-slide-link \" href=\"https:\/\/software-joksch.com\/?page_id=65&#038;preview_id=65\">\n\n\t\t\t\t\t\t\t\t\tScopri di pi\u00f9\n\t\t\t\t\t\t\t\t\t\t\t\t\t\t\t\t\t\t\t<span class=\"bdt-button-icon-align-right\">\n\n\t\t\t\t\t\t\t\t\t\t\t<i aria-hidden=\"true\" class=\"fa-fw fas fa-book-open\"><\/i>\n\t\t\t\t\t\t\t\t\t\t<\/span>\n\t\t\t\t\t\t\t\t\t\t\t\t\t\t\t\t\t<\/a>\n\t\t\t\t\t\t\t<\/div>\n\t\t\t\t\t\t\t\t\t\t\t<\/div>\n\n\t\t\t\t\n\t\t\t<\/div>\n\t\t\t\t\t\t<div class=\"bdt-slide-item swiper-slide bdt-slide-effect-left\">\n\n\t\t\t\t\n\t\t\t\t\t\t\t\t\t\t\t<div class=\"bdt-slider-image-wrapper\">\n\t\t\t\t\t\t\t<img decoding=\"async\" width=\"1920\" height=\"672\" src=\"https:\/\/software-joksch.com\/wp-content\/uploads\/2022\/01\/server-gc557cfc19_1920.jpg\" class=\"bdt-cover\" alt=\"Hardwaretechnik\" data-bdt-cover=\"1\" srcset=\"https:\/\/software-joksch.com\/wp-content\/uploads\/2022\/01\/server-gc557cfc19_1920.jpg 1920w, https:\/\/software-joksch.com\/wp-content\/uploads\/2022\/01\/server-gc557cfc19_1920-300x105.jpg 300w, https:\/\/software-joksch.com\/wp-content\/uploads\/2022\/01\/server-gc557cfc19_1920-1024x358.jpg 1024w, https:\/\/software-joksch.com\/wp-content\/uploads\/2022\/01\/server-gc557cfc19_1920-768x269.jpg 768w, https:\/\/software-joksch.com\/wp-content\/uploads\/2022\/01\/server-gc557cfc19_1920-1536x538.jpg 1536w\" sizes=\"(max-width: 1920px) 100vw, 1920px\" \/>\t\t\t\t\t\t<\/div>\n\t\t\t\t\t\n\t\t\t\t\t<div class=\"bdt-slide-desc bdt-position-large bdt-position-center bdt-position-z-index\">\n\n\t\t\t\t\t\t\t\t\t\t\t\t\t<h1 class=\"bdt-slide-title bdt-clearfix\">\n\t\t\t\t\t\t\t\tHardwaretechnik\t\t\t\t\t\t\t<\/h1>\n\t\t\t\t\t\t\n\t\t\t\t\t\t\t\t\t\t\t\t\t<div class=\"bdt-slide-text\">\n\t\t\t\t\t\t\t\t<p>Mach dein Leben einfach.<\/p>\t\t\t\t\t\t\t<\/div>\n\t\t\t\t\t\t\n\t\t\t\t\t\t\t\t\t\t\t\t\t<div class=\"bdt-slide-link-wrapper\">\n\t\t\t\t\t\t\t\t<a class=\"bdt-slide-link \" href=\"https:\/\/software-joksch.com\/?page_id=65&#038;preview_id=65\">\n\n\t\t\t\t\t\t\t\t\tScopri di pi\u00f9\n\t\t\t\t\t\t\t\t\t\t\t\t\t\t\t\t\t\t\t<span class=\"bdt-button-icon-align-right\">\n\n\t\t\t\t\t\t\t\t\t\t\t<i aria-hidden=\"true\" class=\"fa-fw fas fa-book-open\"><\/i>\n\t\t\t\t\t\t\t\t\t\t<\/span>\n\t\t\t\t\t\t\t\t\t\t\t\t\t\t\t\t\t<\/a>\n\t\t\t\t\t\t\t<\/div>\n\t\t\t\t\t\t\t\t\t\t\t<\/div>\n\n\t\t\t\t\n\t\t\t<\/div>\n\t\t\t\t\t\t<div class=\"bdt-slide-item swiper-slide bdt-slide-effect-left\">\n\n\t\t\t\t\n\t\t\t\t\t\t\t\t\t\t\t<div class=\"bdt-slider-image-wrapper\">\n\t\t\t\t\t\t\t<img loading=\"lazy\" decoding=\"async\" width=\"1052\" height=\"700\" src=\"https:\/\/software-joksch.com\/wp-content\/uploads\/2021\/07\/image-6.png\" class=\"bdt-cover\" alt=\"Joksch- IT und GoT-IT\" data-bdt-cover=\"1\" srcset=\"https:\/\/software-joksch.com\/wp-content\/uploads\/2021\/07\/image-6.png 1052w, https:\/\/software-joksch.com\/wp-content\/uploads\/2021\/07\/image-6-300x200.png 300w, https:\/\/software-joksch.com\/wp-content\/uploads\/2021\/07\/image-6-1024x681.png 1024w, https:\/\/software-joksch.com\/wp-content\/uploads\/2021\/07\/image-6-768x511.png 768w\" sizes=\"(max-width: 1052px) 100vw, 1052px\" \/>\t\t\t\t\t\t<\/div>\n\t\t\t\t\t\n\t\t\t\t\t<div class=\"bdt-slide-desc bdt-position-large bdt-position-center bdt-position-z-index\">\n\n\t\t\t\t\t\t\t\t\t\t\t\t\t<h1 class=\"bdt-slide-title bdt-clearfix\">\n\t\t\t\t\t\t\t\tJoksch- IT und GoT-IT\t\t\t\t\t\t\t<\/h1>\n\t\t\t\t\t\t\n\t\t\t\t\t\t\t\t\t\t\t\t\t<div class=\"bdt-slide-text\">\n\t\t\t\t\t\t\t\t<p>Generation Of\u00a0 Technology<\/p>\t\t\t\t\t\t\t<\/div>\n\t\t\t\t\t\t\n\t\t\t\t\t\t\t\t\t\t\t\t\t<div class=\"bdt-slide-link-wrapper\">\n\t\t\t\t\t\t\t\t<a class=\"bdt-slide-link \" href=\"https:\/\/software-joksch.com\/?page_id=748\">\n\n\t\t\t\t\t\t\t\t\tScopri di pi\u00f9\n\t\t\t\t\t\t\t\t\t\t\t\t\t\t\t\t\t\t\t<span class=\"bdt-button-icon-align-right\">\n\n\t\t\t\t\t\t\t\t\t\t\t<i aria-hidden=\"true\" class=\"fa-fw fas fa-book-open\"><\/i>\n\t\t\t\t\t\t\t\t\t\t<\/span>\n\t\t\t\t\t\t\t\t\t\t\t\t\t\t\t\t\t<\/a>\n\t\t\t\t\t\t\t<\/div>\n\t\t\t\t\t\t\t\t\t\t\t<\/div>\n\n\t\t\t\t\n\t\t\t<\/div>\n\t\t\t\t\t<\/div>\n\t\t\t\t<\/div>\n\n\t\t\t\t\t<div class=\"bdt-position-z-index bdt-position-center bdt-visible@m\">\n\t\t\t\t<div class=\"bdt-arrows-container bdt-slidenav-container\">\n\t\t\t\t\t<a href=\"\" class=\"bdt-navigation-prev bdt-slidenav-previous bdt-icon bdt-slidenav\">\n\t\t\t\t\t\t<i class=\"ep-icon-arrow-left-15\" aria-hidden=\"true\"><\/i>\n\t\t\t\t\t<\/a>\n\t\t\t\t\t<a href=\"\" class=\"bdt-navigation-next bdt-slidenav-next bdt-icon bdt-slidenav\">\n\t\t\t\t\t\t<i class=\"ep-icon-arrow-right-15\" aria-hidden=\"true\"><\/i>\n\t\t\t\t\t<\/a>\n\t\t\t\t<\/div>\n\t\t\t<\/div>\n\t\t\t\t<\/div>\n\t\t\t\t\t\t<\/div>\n\t\t\t\t<\/div>\n\t\t\t\t\t<\/div>\n\t\t<\/div>\n\t\t\t\t\t<\/div>\n\t\t<\/section>\n\t\t\t\t<section class=\"elementor-section elementor-top-section elementor-element elementor-element-3a217dd elementor-section-full_width elementor-section-height-default elementor-section-height-default\" data-id=\"3a217dd\" data-element_type=\"section\" data-e-type=\"section\" data-settings=\"{&quot;background_background&quot;:&quot;gradient&quot;}\">\n\t\t\t\t\t\t<div class=\"elementor-container elementor-column-gap-default\">\n\t\t\t\t\t<div class=\"elementor-column elementor-col-100 elementor-top-column elementor-element elementor-element-fed52cd\" data-id=\"fed52cd\" data-element_type=\"column\" data-e-type=\"column\">\n\t\t\t<div class=\"elementor-widget-wrap elementor-element-populated\">\n\t\t\t\t\t\t<div class=\"elementor-element elementor-element-c425000 elementor-widget elementor-widget-heading\" data-id=\"c425000\" data-element_type=\"widget\" data-e-type=\"widget\" data-widget_type=\"heading.default\">\n\t\t\t\t<div class=\"elementor-widget-container\">\n\t\t\t\t\t<h2 class=\"elementor-heading-title elementor-size-default\">Siamo personalmente a tua disposizione in tutta la Svizzera e nelle Isole Canarie. <br><br>\nRaggiungibile anche a distanza nei paesi di lingua tedesca e inglese.<\/h2>\t\t\t\t<\/div>\n\t\t\t\t<\/div>\n\t\t\t\t\t<\/div>\n\t\t<\/div>\n\t\t\t\t\t<\/div>\n\t\t<\/section>\n\t\t\t\t<section class=\"elementor-section elementor-top-section elementor-element elementor-element-2938f99 elementor-section-boxed elementor-section-height-default elementor-section-height-default\" data-id=\"2938f99\" data-element_type=\"section\" data-e-type=\"section\" data-settings=\"{&quot;background_background&quot;:&quot;gradient&quot;}\">\n\t\t\t\t\t\t<div class=\"elementor-container elementor-column-gap-default\">\n\t\t\t\t\t<div class=\"elementor-column elementor-col-25 elementor-top-column elementor-element elementor-element-0c1efef\" data-id=\"0c1efef\" data-element_type=\"column\" data-e-type=\"column\">\n\t\t\t<div class=\"elementor-widget-wrap elementor-element-populated\">\n\t\t\t\t\t\t<div class=\"elementor-element elementor-element-1e8191c elementor-position-top elementor-widget elementor-widget-image-box\" data-id=\"1e8191c\" data-element_type=\"widget\" data-e-type=\"widget\" data-widget_type=\"image-box.default\">\n\t\t\t\t<div class=\"elementor-widget-container\">\n\t\t\t\t\t<div class=\"elementor-image-box-wrapper\"><figure class=\"elementor-image-box-img\"><a href=\"https:\/\/software-joksch.com\/?page_id=1100&#038;lang=it\" tabindex=\"-1\"><img loading=\"lazy\" decoding=\"async\" width=\"1160\" height=\"1280\" src=\"https:\/\/software-joksch.com\/wp-content\/uploads\/2021\/07\/denkkopf_Got_It.png\" class=\"attachment-full size-full wp-image-988\" alt=\"\" srcset=\"https:\/\/software-joksch.com\/wp-content\/uploads\/2021\/07\/denkkopf_Got_It.png 1160w, https:\/\/software-joksch.com\/wp-content\/uploads\/2021\/07\/denkkopf_Got_It-272x300.png 272w, https:\/\/software-joksch.com\/wp-content\/uploads\/2021\/07\/denkkopf_Got_It-928x1024.png 928w, https:\/\/software-joksch.com\/wp-content\/uploads\/2021\/07\/denkkopf_Got_It-768x847.png 768w\" sizes=\"(max-width: 1160px) 100vw, 1160px\" \/><\/a><\/figure><div class=\"elementor-image-box-content\"><h1 class=\"elementor-image-box-title\"><a href=\"https:\/\/software-joksch.com\/?page_id=1100&#038;lang=it\">tecnologia di rete<\/a><\/h1><p class=\"elementor-image-box-description\">\nTecnologia di rete\n<br>Analisi\n<br>Pianificazione \n<br>Monitoraggio\n<\/p><\/div><\/div>\t\t\t\t<\/div>\n\t\t\t\t<\/div>\n\t\t\t\t\t<\/div>\n\t\t<\/div>\n\t\t\t\t<div class=\"elementor-column elementor-col-50 elementor-top-column elementor-element elementor-element-cdae33d\" data-id=\"cdae33d\" data-element_type=\"column\" data-e-type=\"column\">\n\t\t\t<div class=\"elementor-widget-wrap elementor-element-populated\">\n\t\t\t\t\t\t<div class=\"elementor-element elementor-element-756f696 elementor-position-top elementor-widget elementor-widget-image-box\" data-id=\"756f696\" data-element_type=\"widget\" data-e-type=\"widget\" data-widget_type=\"image-box.default\">\n\t\t\t\t<div class=\"elementor-widget-container\">\n\t\t\t\t\t<div class=\"elementor-image-box-wrapper\"><figure class=\"elementor-image-box-img\"><a href=\"https:\/\/software-joksch.com\/?page_id=1100&#038;lang=it\" tabindex=\"-1\"><img loading=\"lazy\" decoding=\"async\" width=\"771\" height=\"1280\" src=\"https:\/\/software-joksch.com\/wp-content\/uploads\/2021\/07\/Warum_wir_Got.png\" class=\"attachment-full size-full wp-image-984\" alt=\"\" srcset=\"https:\/\/software-joksch.com\/wp-content\/uploads\/2021\/07\/Warum_wir_Got.png 771w, https:\/\/software-joksch.com\/wp-content\/uploads\/2021\/07\/Warum_wir_Got-181x300.png 181w, https:\/\/software-joksch.com\/wp-content\/uploads\/2021\/07\/Warum_wir_Got-617x1024.png 617w, https:\/\/software-joksch.com\/wp-content\/uploads\/2021\/07\/Warum_wir_Got-768x1275.png 768w\" sizes=\"(max-width: 771px) 100vw, 771px\" \/><\/a><\/figure><div class=\"elementor-image-box-content\"><h1 class=\"elementor-image-box-title\"><a href=\"https:\/\/software-joksch.com\/?page_id=1100&#038;lang=it\">Sviluppo di applicazioni e web<\/a><\/h1><p class=\"elementor-image-box-description\">Sviluppo di siti web <br>CMS <br>Sviluppi propri <br>Sviluppo di applicazioni <br>Programmazione in c# e js<\/p><\/div><\/div>\t\t\t\t<\/div>\n\t\t\t\t<\/div>\n\t\t\t\t\t<\/div>\n\t\t<\/div>\n\t\t\t\t<div class=\"elementor-column elementor-col-25 elementor-top-column elementor-element elementor-element-1bf667b\" data-id=\"1bf667b\" data-element_type=\"column\" data-e-type=\"column\">\n\t\t\t<div class=\"elementor-widget-wrap elementor-element-populated\">\n\t\t\t\t\t\t<div class=\"elementor-element elementor-element-94461b2 elementor-position-top elementor-widget elementor-widget-image-box\" data-id=\"94461b2\" data-element_type=\"widget\" data-e-type=\"widget\" data-widget_type=\"image-box.default\">\n\t\t\t\t<div class=\"elementor-widget-container\">\n\t\t\t\t\t<div class=\"elementor-image-box-wrapper\"><figure class=\"elementor-image-box-img\"><a href=\"https:\/\/software-joksch.com\/?page_id=1100&#038;lang=it\" tabindex=\"-1\"><img loading=\"lazy\" decoding=\"async\" width=\"1280\" height=\"1276\" src=\"https:\/\/software-joksch.com\/wp-content\/uploads\/2021\/07\/Sauberer-Service.png\" class=\"attachment-full size-full wp-image-980\" alt=\"\" srcset=\"https:\/\/software-joksch.com\/wp-content\/uploads\/2021\/07\/Sauberer-Service.png 1280w, https:\/\/software-joksch.com\/wp-content\/uploads\/2021\/07\/Sauberer-Service-300x300.png 300w, https:\/\/software-joksch.com\/wp-content\/uploads\/2021\/07\/Sauberer-Service-1024x1021.png 1024w, https:\/\/software-joksch.com\/wp-content\/uploads\/2021\/07\/Sauberer-Service-150x150.png 150w, https:\/\/software-joksch.com\/wp-content\/uploads\/2021\/07\/Sauberer-Service-768x766.png 768w\" sizes=\"(max-width: 1280px) 100vw, 1280px\" \/><\/a><\/figure><div class=\"elementor-image-box-content\"><h1 class=\"elementor-image-box-title\"><a href=\"https:\/\/software-joksch.com\/?page_id=1100&#038;lang=it\">Tecnologia hardware<\/a><\/h1><p class=\"elementor-image-box-description\">Problemi informatici<br>Aiuto per familiarizzare con il software Office<br>Analisi <br>Pianificazione del progetto <br>Supporto<\/p><\/div><\/div>\t\t\t\t<\/div>\n\t\t\t\t<\/div>\n\t\t\t\t\t<\/div>\n\t\t<\/div>\n\t\t\t\t\t<\/div>\n\t\t<\/section>\n\t\t\t\t<section class=\"elementor-section elementor-top-section elementor-element elementor-element-9a15324 elementor-section-boxed elementor-section-height-default elementor-section-height-default\" data-id=\"9a15324\" data-element_type=\"section\" data-e-type=\"section\" data-settings=\"{&quot;background_background&quot;:&quot;classic&quot;}\">\n\t\t\t\t\t\t<div class=\"elementor-container elementor-column-gap-default\">\n\t\t\t\t\t<div class=\"elementor-column elementor-col-100 elementor-top-column elementor-element elementor-element-7de970d\" data-id=\"7de970d\" data-element_type=\"column\" data-e-type=\"column\">\n\t\t\t<div class=\"elementor-widget-wrap elementor-element-populated\">\n\t\t\t\t\t\t<div class=\"elementor-element elementor-element-9ba43c4 elementor-widget elementor-widget-spacer\" data-id=\"9ba43c4\" data-element_type=\"widget\" data-e-type=\"widget\" data-widget_type=\"spacer.default\">\n\t\t\t\t<div class=\"elementor-widget-container\">\n\t\t\t\t\t\t\t<div class=\"elementor-spacer\">\n\t\t\t<div class=\"elementor-spacer-inner\"><\/div>\n\t\t<\/div>\n\t\t\t\t\t\t<\/div>\n\t\t\t\t<\/div>\n\t\t\t\t<div class=\"elementor-element elementor-element-6485a0e elementor-vertical-align-middle elementor-position-left elementor-widget elementor-widget-image-box\" data-id=\"6485a0e\" data-element_type=\"widget\" data-e-type=\"widget\" data-widget_type=\"image-box.default\">\n\t\t\t\t<div class=\"elementor-widget-container\">\n\t\t\t\t\t<div class=\"elementor-image-box-wrapper\"><figure class=\"elementor-image-box-img\"><a href=\"https:\/\/software-joksch.com\/?page_id=1100&#038;lang=it\" tabindex=\"-1\"><img loading=\"lazy\" decoding=\"async\" width=\"300\" height=\"214\" src=\"https:\/\/software-joksch.com\/wp-content\/uploads\/2021\/12\/visualisierung-300x214.png\" class=\"elementor-animation-shrink attachment-medium size-medium wp-image-1024\" alt=\"\" srcset=\"https:\/\/software-joksch.com\/wp-content\/uploads\/2021\/12\/visualisierung-300x214.png 300w, https:\/\/software-joksch.com\/wp-content\/uploads\/2021\/12\/visualisierung-1024x732.png 1024w, https:\/\/software-joksch.com\/wp-content\/uploads\/2021\/12\/visualisierung-768x549.png 768w, https:\/\/software-joksch.com\/wp-content\/uploads\/2021\/12\/visualisierung.png 1280w\" sizes=\"(max-width: 300px) 100vw, 300px\" \/><\/a><\/figure><div class=\"elementor-image-box-content\"><h1 class=\"elementor-image-box-title\"><a href=\"https:\/\/software-joksch.com\/?page_id=1100&#038;lang=it\">Visualizzazione 3D<\/a><\/h1><p class=\"elementor-image-box-description\">Creazione di piani e disegni 3D<\/p><\/div><\/div>\t\t\t\t<\/div>\n\t\t\t\t<\/div>\n\t\t\t\t\t<\/div>\n\t\t<\/div>\n\t\t\t\t\t<\/div>\n\t\t<\/section>\n\t\t\t\t<section class=\"elementor-section elementor-top-section elementor-element elementor-element-1ed88cc elementor-section-boxed elementor-section-height-default elementor-section-height-default\" data-id=\"1ed88cc\" data-element_type=\"section\" data-e-type=\"section\" data-settings=\"{&quot;background_background&quot;:&quot;classic&quot;}\">\n\t\t\t\t\t\t<div class=\"elementor-container elementor-column-gap-default\">\n\t\t\t\t\t<div class=\"elementor-column elementor-col-100 elementor-top-column elementor-element elementor-element-1130ad5\" data-id=\"1130ad5\" data-element_type=\"column\" data-e-type=\"column\">\n\t\t\t<div class=\"elementor-widget-wrap elementor-element-populated\">\n\t\t\t\t\t\t<div class=\"elementor-element elementor-element-3f54005 elementor-widget elementor-widget-spacer\" data-id=\"3f54005\" data-element_type=\"widget\" data-e-type=\"widget\" data-widget_type=\"spacer.default\">\n\t\t\t\t<div class=\"elementor-widget-container\">\n\t\t\t\t\t\t\t<div class=\"elementor-spacer\">\n\t\t\t<div class=\"elementor-spacer-inner\"><\/div>\n\t\t<\/div>\n\t\t\t\t\t\t<\/div>\n\t\t\t\t<\/div>\n\t\t\t\t<div class=\"elementor-element elementor-element-d8e82aa elementor-shape-circle elementor-grid-0 e-grid-align-center elementor-widget elementor-widget-social-icons\" data-id=\"d8e82aa\" data-element_type=\"widget\" data-e-type=\"widget\" data-widget_type=\"social-icons.default\">\n\t\t\t\t<div class=\"elementor-widget-container\">\n\t\t\t\t\t\t\t<div class=\"elementor-social-icons-wrapper elementor-grid\" role=\"list\">\n\t\t\t\t\t\t\t<span class=\"elementor-grid-item\" role=\"listitem\">\n\t\t\t\t\t<a class=\"elementor-icon elementor-social-icon elementor-social-icon-facebook elementor-animation-shrink elementor-repeater-item-fb26a8f\" href=\"https:\/\/www.facebook.com\/GoT-IT-101689962302414\" target=\"_blank\">\n\t\t\t\t\t\t<span class=\"elementor-screen-only\">Facebook<\/span>\n\t\t\t\t\t\t<i aria-hidden=\"true\" class=\"fab fa-facebook\"><\/i>\t\t\t\t\t<\/a>\n\t\t\t\t<\/span>\n\t\t\t\t\t\t\t<span class=\"elementor-grid-item\" role=\"listitem\">\n\t\t\t\t\t<a class=\"elementor-icon elementor-social-icon elementor-social-icon-twitter elementor-animation-shrink elementor-repeater-item-687db89\" href=\"https:\/\/twitter.com\/GoTIT60325889\" target=\"_blank\">\n\t\t\t\t\t\t<span class=\"elementor-screen-only\">Twitter<\/span>\n\t\t\t\t\t\t<i aria-hidden=\"true\" class=\"fab fa-twitter\"><\/i>\t\t\t\t\t<\/a>\n\t\t\t\t<\/span>\n\t\t\t\t\t\t\t<span class=\"elementor-grid-item\" role=\"listitem\">\n\t\t\t\t\t<a class=\"elementor-icon elementor-social-icon elementor-social-icon-instagram elementor-animation-shrink elementor-repeater-item-4de3150\" href=\"https:\/\/www.instagram.com\/generation_of_technology_\/\" target=\"_blank\">\n\t\t\t\t\t\t<span class=\"elementor-screen-only\">Instagram<\/span>\n\t\t\t\t\t\t<i aria-hidden=\"true\" class=\"fab fa-instagram\"><\/i>\t\t\t\t\t<\/a>\n\t\t\t\t<\/span>\n\t\t\t\t\t\t\t<span class=\"elementor-grid-item\" role=\"listitem\">\n\t\t\t\t\t<a class=\"elementor-icon elementor-social-icon elementor-social-icon-linkedin elementor-animation-shrink elementor-repeater-item-11731af\" href=\"https:\/\/www.linkedin.com\/company\/76534251\" target=\"_blank\">\n\t\t\t\t\t\t<span class=\"elementor-screen-only\">Linkedin<\/span>\n\t\t\t\t\t\t<i aria-hidden=\"true\" class=\"fab fa-linkedin\"><\/i>\t\t\t\t\t<\/a>\n\t\t\t\t<\/span>\n\t\t\t\t\t<\/div>\n\t\t\t\t\t\t<\/div>\n\t\t\t\t<\/div>\n\t\t\t\t<div class=\"elementor-element elementor-element-f06a15c elementor-widget elementor-widget-html\" data-id=\"f06a15c\" data-element_type=\"widget\" data-e-type=\"widget\" data-widget_type=\"html.default\">\n\t\t\t\t<div class=\"elementor-widget-container\">\n\t\t\t\t\t<script src=\"https:\/\/apps.elfsight.com\/p\/platform.js\" defer><\/script>\r\n<div class=\"elfsight-app-c81d8825-cd1f-494c-b282-f98cdb38f8ae\"><\/div>\t\t\t\t<\/div>\n\t\t\t\t<\/div>\n\t\t\t\t\t<\/div>\n\t\t<\/div>\n\t\t\t\t\t<\/div>\n\t\t<\/section>\n\t\t\t\t<\/div>\n\t\t","protected":false},"excerpt":{"rendered":"<p>Netzwerktechnik Schnelle und saubere Gestaltung Ihres Unternehmens. Scopri di pi\u00f9 Webdesign Wir gestalten auf Ihren Wunsch! Scopri di pi\u00f9 Hardwaretechnik Mach dein Leben einfach. Scopri di pi\u00f9 Joksch- IT und GoT-IT Generation Of\u00a0 Technology Scopri di pi\u00f9 Siamo personalmente a tua disposizione in tutta la Svizzera e nelle Isole Canarie. Raggiungibile anche a distanza nei [&hellip;]<\/p>\n","protected":false},"author":1,"featured_media":0,"parent":0,"menu_order":0,"comment_status":"closed","ping_status":"closed","template":"","meta":{"footnotes":""},"class_list":["post-1067","page","type-page","status-publish","hentry","entry"],"_links":{"self":[{"href":"https:\/\/software-joksch.com\/index.php?rest_route=\/wp\/v2\/pages\/1067","targetHints":{"allow":["GET"]}}],"collection":[{"href":"https:\/\/software-joksch.com\/index.php?rest_route=\/wp\/v2\/pages"}],"about":[{"href":"https:\/\/software-joksch.com\/index.php?rest_route=\/wp\/v2\/types\/page"}],"author":[{"embeddable":true,"href":"https:\/\/software-joksch.com\/index.php?rest_route=\/wp\/v2\/users\/1"}],"replies":[{"embeddable":true,"href":"https:\/\/software-joksch.com\/index.php?rest_route=%2Fwp%2Fv2%2Fcomments&post=1067"}],"version-history":[{"count":72,"href":"https:\/\/software-joksch.com\/index.php?rest_route=\/wp\/v2\/pages\/1067\/revisions"}],"predecessor-version":[{"id":2018,"href":"https:\/\/software-joksch.com\/index.php?rest_route=\/wp\/v2\/pages\/1067\/revisions\/2018"}],"wp:attachment":[{"href":"https:\/\/software-joksch.com\/index.php?rest_route=%2Fwp%2Fv2%2Fmedia&parent=1067"}],"curies":[{"name":"wp","href":"https:\/\/api.w.org\/{rel}","templated":true}]}}