{"id":1072,"date":"2021-08-20T14:52:52","date_gmt":"2021-08-20T13:52:52","guid":{"rendered":"https:\/\/software-joksch.com\/?page_id=1072"},"modified":"2022-06-09T15:52:39","modified_gmt":"2022-06-09T14:52:39","slug":"sobre-nosotros","status":"publish","type":"page","link":"https:\/\/software-joksch.com\/?page_id=1072&lang=es","title":{"rendered":"sobre nosotros"},"content":{"rendered":"\t\t<div data-elementor-type=\"wp-page\" data-elementor-id=\"1072\" class=\"elementor elementor-1072 elementor-748\" data-elementor-post-type=\"page\">\n\t\t\t\t\t\t<section class=\"elementor-section elementor-top-section elementor-element elementor-element-1d549a3 elementor-section-boxed elementor-section-height-default elementor-section-height-default\" data-id=\"1d549a3\" data-element_type=\"section\" data-e-type=\"section\">\n\t\t\t\t\t\t<div class=\"elementor-container elementor-column-gap-default\">\n\t\t\t\t\t<div class=\"elementor-column elementor-col-100 elementor-top-column elementor-element elementor-element-603acdf\" data-id=\"603acdf\" data-element_type=\"column\" data-e-type=\"column\">\n\t\t\t<div class=\"elementor-widget-wrap elementor-element-populated\">\n\t\t\t\t\t\t<div class=\"elementor-element elementor-element-98cd979 elementor-widget elementor-widget-heading\" data-id=\"98cd979\" data-element_type=\"widget\" data-e-type=\"widget\" data-widget_type=\"heading.default\">\n\t\t\t\t<div class=\"elementor-widget-container\">\n\t\t\t\t\t<h1 class=\"elementor-heading-title elementor-size-xl\">sobre nosotros<\/h1>\t\t\t\t<\/div>\n\t\t\t\t<\/div>\n\t\t\t\t\t<\/div>\n\t\t<\/div>\n\t\t\t\t\t<\/div>\n\t\t<\/section>\n\t\t\t\t<section class=\"elementor-section elementor-top-section elementor-element elementor-element-aa7d220 elementor-section-boxed elementor-section-height-default elementor-section-height-default\" data-id=\"aa7d220\" data-element_type=\"section\" data-e-type=\"section\">\n\t\t\t\t\t\t<div class=\"elementor-container elementor-column-gap-default\">\n\t\t\t\t\t<div class=\"elementor-column elementor-col-100 elementor-top-column elementor-element elementor-element-7d24e29\" data-id=\"7d24e29\" data-element_type=\"column\" data-e-type=\"column\">\n\t\t\t<div class=\"elementor-widget-wrap elementor-element-populated\">\n\t\t\t\t\t\t<div class=\"elementor-element elementor-element-efa668b elementor-widget-divider--view-line elementor-widget elementor-widget-divider\" data-id=\"efa668b\" data-element_type=\"widget\" data-e-type=\"widget\" data-widget_type=\"divider.default\">\n\t\t\t\t<div class=\"elementor-widget-container\">\n\t\t\t\t\t\t\t<div class=\"elementor-divider\">\n\t\t\t<span class=\"elementor-divider-separator\">\n\t\t\t\t\t\t<\/span>\n\t\t<\/div>\n\t\t\t\t\t\t<\/div>\n\t\t\t\t<\/div>\n\t\t\t\t\t<\/div>\n\t\t<\/div>\n\t\t\t\t\t<\/div>\n\t\t<\/section>\n\t\t\t\t<section class=\"elementor-section elementor-top-section elementor-element elementor-element-c8d1c93 elementor-section-boxed elementor-section-height-default elementor-section-height-default\" data-id=\"c8d1c93\" data-element_type=\"section\" data-e-type=\"section\">\n\t\t\t\t\t\t<div class=\"elementor-container elementor-column-gap-default\">\n\t\t\t\t\t<div class=\"elementor-column elementor-col-100 elementor-top-column elementor-element elementor-element-742d2d7\" data-id=\"742d2d7\" data-element_type=\"column\" data-e-type=\"column\">\n\t\t\t<div class=\"elementor-widget-wrap elementor-element-populated\">\n\t\t\t\t\t\t<div class=\"elementor-element elementor-element-efc25ca elementor-widget elementor-widget-image\" data-id=\"efc25ca\" data-element_type=\"widget\" data-e-type=\"widget\" data-widget_type=\"image.default\">\n\t\t\t\t<div class=\"elementor-widget-container\">\n\t\t\t\t\t\t\t\t\t\t\t\t\t\t\t<img fetchpriority=\"high\" decoding=\"async\" width=\"300\" height=\"205\" src=\"https:\/\/software-joksch.com\/wp-content\/uploads\/2021\/08\/finito_ueber_uns_got-it-300x205.png\" class=\"attachment-medium size-medium wp-image-1005\" alt=\"\" srcset=\"https:\/\/software-joksch.com\/wp-content\/uploads\/2021\/08\/finito_ueber_uns_got-it-300x205.png 300w, https:\/\/software-joksch.com\/wp-content\/uploads\/2021\/08\/finito_ueber_uns_got-it-1024x700.png 1024w, https:\/\/software-joksch.com\/wp-content\/uploads\/2021\/08\/finito_ueber_uns_got-it-768x525.png 768w, https:\/\/software-joksch.com\/wp-content\/uploads\/2021\/08\/finito_ueber_uns_got-it.png 1280w\" sizes=\"(max-width: 300px) 100vw, 300px\" \/>\t\t\t\t\t\t\t\t\t\t\t\t\t\t\t<\/div>\n\t\t\t\t<\/div>\n\t\t\t\t\t<\/div>\n\t\t<\/div>\n\t\t\t\t\t<\/div>\n\t\t<\/section>\n\t\t\t\t<section class=\"elementor-section elementor-top-section elementor-element elementor-element-19b98f2 elementor-section-boxed elementor-section-height-default elementor-section-height-default\" data-id=\"19b98f2\" data-element_type=\"section\" data-e-type=\"section\">\n\t\t\t\t\t\t<div class=\"elementor-container elementor-column-gap-default\">\n\t\t\t\t\t<div class=\"elementor-column elementor-col-100 elementor-top-column elementor-element elementor-element-a2d2ed9\" data-id=\"a2d2ed9\" data-element_type=\"column\" data-e-type=\"column\">\n\t\t\t<div class=\"elementor-widget-wrap elementor-element-populated\">\n\t\t\t\t\t\t<div class=\"elementor-element elementor-element-067ba37 elementor-widget elementor-widget-heading\" data-id=\"067ba37\" data-element_type=\"widget\" data-e-type=\"widget\" data-widget_type=\"heading.default\">\n\t\t\t\t<div class=\"elementor-widget-container\">\n\t\t\t\t\t<h2 class=\"elementor-heading-title elementor-size-large\">nuestra misi\u00f3n<\/h2>\t\t\t\t<\/div>\n\t\t\t\t<\/div>\n\t\t\t\t\t<\/div>\n\t\t<\/div>\n\t\t\t\t\t<\/div>\n\t\t<\/section>\n\t\t\t\t<section class=\"elementor-section elementor-top-section elementor-element elementor-element-a3f5772 elementor-section-boxed elementor-section-height-default elementor-section-height-default\" data-id=\"a3f5772\" data-element_type=\"section\" data-e-type=\"section\">\n\t\t\t\t\t\t<div class=\"elementor-container elementor-column-gap-default\">\n\t\t\t\t\t<div class=\"elementor-column elementor-col-100 elementor-top-column elementor-element elementor-element-e035db1\" data-id=\"e035db1\" data-element_type=\"column\" data-e-type=\"column\">\n\t\t\t<div class=\"elementor-widget-wrap elementor-element-populated\">\n\t\t\t\t\t\t<div class=\"elementor-element elementor-element-2206d4c elementor-widget elementor-widget-text-editor\" data-id=\"2206d4c\" data-element_type=\"widget\" data-e-type=\"widget\" data-widget_type=\"text-editor.default\">\n\t\t\t\t<div class=\"elementor-widget-container\">\n\t\t\t\t\t\t\t\t\t<p>En 2019 nos fusionamos con la empresa alemana Joksch-IT, que ten\u00eda su sede en M\u00fanich desde 2003, y en 2015 traslad\u00f3 la sucursal a Suiza. En 2021 la sucursal se traslad\u00f3 a Tenerife. Los clientes internacionales se han mantenido fieles a nuestra empresa hasta el d\u00eda de hoy.<\/p>\n\t\t\t\t\t\t\t\t<\/div>\n\t\t\t\t<\/div>\n\t\t\t\t\t<\/div>\n\t\t<\/div>\n\t\t\t\t\t<\/div>\n\t\t<\/section>\n\t\t\t\t<section class=\"elementor-section elementor-top-section elementor-element elementor-element-2ac18b6 elementor-section-boxed elementor-section-height-default elementor-section-height-default\" data-id=\"2ac18b6\" data-element_type=\"section\" data-e-type=\"section\">\n\t\t\t\t\t\t<div class=\"elementor-container elementor-column-gap-default\">\n\t\t\t\t\t<div class=\"elementor-column elementor-col-100 elementor-top-column elementor-element elementor-element-f7d57a9\" data-id=\"f7d57a9\" data-element_type=\"column\" data-e-type=\"column\">\n\t\t\t<div class=\"elementor-widget-wrap elementor-element-populated\">\n\t\t\t\t\t\t<div class=\"elementor-element elementor-element-c1cc8d2 elementor-widget elementor-widget-heading\" data-id=\"c1cc8d2\" data-element_type=\"widget\" data-e-type=\"widget\" data-widget_type=\"heading.default\">\n\t\t\t\t<div class=\"elementor-widget-container\">\n\t\t\t\t\t<h1 class=\"elementor-heading-title elementor-size-large\">La cultura corporativa<\/h1>\t\t\t\t<\/div>\n\t\t\t\t<\/div>\n\t\t\t\t\t<\/div>\n\t\t<\/div>\n\t\t\t\t\t<\/div>\n\t\t<\/section>\n\t\t\t\t<section class=\"elementor-section elementor-top-section elementor-element elementor-element-46f0a93 elementor-section-boxed elementor-section-height-default elementor-section-height-default\" data-id=\"46f0a93\" data-element_type=\"section\" data-e-type=\"section\">\n\t\t\t\t\t\t<div class=\"elementor-container elementor-column-gap-default\">\n\t\t\t\t\t<div class=\"elementor-column elementor-col-100 elementor-top-column elementor-element elementor-element-1708894\" data-id=\"1708894\" data-element_type=\"column\" data-e-type=\"column\">\n\t\t\t<div class=\"elementor-widget-wrap elementor-element-populated\">\n\t\t\t\t\t\t<div class=\"elementor-element elementor-element-b0d236c elementor-widget elementor-widget-text-editor\" data-id=\"b0d236c\" data-element_type=\"widget\" data-e-type=\"widget\" data-widget_type=\"text-editor.default\">\n\t\t\t\t<div class=\"elementor-widget-container\">\n\t\t\t\t\t\t\t\t\t<ul>\n<li>Somos un equipo fuerte. La interacci\u00f3n respetuosa, amistosa y agradecida es algo natural para nosotros.<\/li>\n<li>La tolerancia es muy importante para nosotros. Nuestros diferentes caracteres y formas de pensar nos distinguen.<\/li>\n<li>Juntos podemos lograr grandes objetivos. Todos los d\u00edas nos motivamos mutuamente y cuestionamos constantemente el status quo, porque no nos quedamos quietos.<\/li>\n<li>Somos diferentes. Las ideas poco convencionales, atrevidas e innovadoras son exactamente lo nuestro.<\/li>\n<li>Asumimos la responsabilidad. La acci\u00f3n responsable y las estructuras lean son la base para que sigamos siendo din\u00e1micos y \u00e1giles.<\/li>\n<li>Nuestros valores son importantes para nosotros<\/li>\n<\/ul>\n\t\t\t\t\t\t\t\t<\/div>\n\t\t\t\t<\/div>\n\t\t\t\t\t<\/div>\n\t\t<\/div>\n\t\t\t\t\t<\/div>\n\t\t<\/section>\n\t\t\t\t<section class=\"elementor-section elementor-top-section elementor-element elementor-element-4b18c78 elementor-section-boxed elementor-section-height-default elementor-section-height-default\" data-id=\"4b18c78\" data-element_type=\"section\" data-e-type=\"section\">\n\t\t\t\t\t\t<div class=\"elementor-container elementor-column-gap-default\">\n\t\t\t\t\t<div class=\"elementor-column elementor-col-100 elementor-top-column elementor-element elementor-element-f9d2a7f\" data-id=\"f9d2a7f\" data-element_type=\"column\" data-e-type=\"column\">\n\t\t\t<div class=\"elementor-widget-wrap elementor-element-populated\">\n\t\t\t\t\t\t<div class=\"elementor-element elementor-element-2685f19 elementor-widget elementor-widget-html\" data-id=\"2685f19\" data-element_type=\"widget\" data-e-type=\"widget\" data-widget_type=\"html.default\">\n\t\t\t\t<div class=\"elementor-widget-container\">\n\t\t\t\t\t<script src=\"https:\/\/apps.elfsight.com\/p\/platform.js\" defer><\/script>\n<div class=\"elfsight-app-c81d8825-cd1f-494c-b282-f98cdb38f8ae\"><\/div>\t\t\t\t<\/div>\n\t\t\t\t<\/div>\n\t\t\t\t<div class=\"elementor-element elementor-element-902fdd5 elementor-widget elementor-widget-google_maps\" data-id=\"902fdd5\" data-element_type=\"widget\" data-e-type=\"widget\" data-widget_type=\"google_maps.default\">\n\t\t\t\t<div class=\"elementor-widget-container\">\n\t\t\t\t\t\t\t<div class=\"elementor-custom-embed\">\n\t\t\t<iframe loading=\"lazy\"\n\t\t\t\t\tsrc=\"https:\/\/maps.google.com\/maps?q=Calle%20la%20Fuente%2024%2C%2038628%20San%20Miguel%20de%20Abona&#038;t=m&#038;z=11&#038;output=embed&#038;iwloc=near\"\n\t\t\t\t\ttitle=\"Calle la Fuente 24, 38628 San Miguel de Abona\"\n\t\t\t\t\taria-label=\"Calle la Fuente 24, 38628 San Miguel de Abona\"\n\t\t\t><\/iframe>\n\t\t<\/div>\n\t\t\t\t\t\t<\/div>\n\t\t\t\t<\/div>\n\t\t\t\t\t<\/div>\n\t\t<\/div>\n\t\t\t\t\t<\/div>\n\t\t<\/section>\n\t\t\t\t<\/div>\n\t\t","protected":false},"excerpt":{"rendered":"<p>sobre nosotros nuestra misi\u00f3n En 2019 nos fusionamos con la empresa alemana Joksch-IT, que ten\u00eda su sede en M\u00fanich desde 2003, y en 2015 traslad\u00f3 la sucursal a Suiza. En 2021 la sucursal se traslad\u00f3 a Tenerife. Los clientes internacionales se han mantenido fieles a nuestra empresa hasta el d\u00eda de hoy. La cultura corporativa [&hellip;]<\/p>\n","protected":false},"author":2,"featured_media":0,"parent":0,"menu_order":0,"comment_status":"closed","ping_status":"closed","template":"","meta":{"footnotes":""},"class_list":["post-1072","page","type-page","status-publish","hentry","entry"],"_links":{"self":[{"href":"https:\/\/software-joksch.com\/index.php?rest_route=\/wp\/v2\/pages\/1072","targetHints":{"allow":["GET"]}}],"collection":[{"href":"https:\/\/software-joksch.com\/index.php?rest_route=\/wp\/v2\/pages"}],"about":[{"href":"https:\/\/software-joksch.com\/index.php?rest_route=\/wp\/v2\/types\/page"}],"author":[{"embeddable":true,"href":"https:\/\/software-joksch.com\/index.php?rest_route=\/wp\/v2\/users\/2"}],"replies":[{"embeddable":true,"href":"https:\/\/software-joksch.com\/index.php?rest_route=%2Fwp%2Fv2%2Fcomments&post=1072"}],"version-history":[{"count":7,"href":"https:\/\/software-joksch.com\/index.php?rest_route=\/wp\/v2\/pages\/1072\/revisions"}],"predecessor-version":[{"id":1752,"href":"https:\/\/software-joksch.com\/index.php?rest_route=\/wp\/v2\/pages\/1072\/revisions\/1752"}],"wp:attachment":[{"href":"https:\/\/software-joksch.com\/index.php?rest_route=%2Fwp%2Fv2%2Fmedia&parent=1072"}],"curies":[{"name":"wp","href":"https:\/\/api.w.org\/{rel}","templated":true}]}}