{"id":748,"date":"2021-08-20T14:52:52","date_gmt":"2021-08-20T13:52:52","guid":{"rendered":"https:\/\/software-joksch.com\/?page_id=748"},"modified":"2022-06-09T15:52:39","modified_gmt":"2022-06-09T14:52:39","slug":"ueber-uns","status":"publish","type":"page","link":"https:\/\/software-joksch.com\/?page_id=748","title":{"rendered":"\u00dcber uns"},"content":{"rendered":"\t\t<div data-elementor-type=\"wp-page\" data-elementor-id=\"748\" class=\"elementor elementor-748\" data-elementor-post-type=\"page\">\n\t\t\t\t\t\t<section class=\"elementor-section elementor-top-section elementor-element elementor-element-1d549a3 elementor-section-boxed elementor-section-height-default elementor-section-height-default\" data-id=\"1d549a3\" data-element_type=\"section\" data-e-type=\"section\">\n\t\t\t\t\t\t<div class=\"elementor-container elementor-column-gap-default\">\n\t\t\t\t\t<div class=\"elementor-column elementor-col-100 elementor-top-column elementor-element elementor-element-603acdf\" data-id=\"603acdf\" data-element_type=\"column\" data-e-type=\"column\">\n\t\t\t<div class=\"elementor-widget-wrap elementor-element-populated\">\n\t\t\t\t\t\t<div class=\"elementor-element elementor-element-98cd979 elementor-widget elementor-widget-heading\" data-id=\"98cd979\" data-element_type=\"widget\" data-e-type=\"widget\" data-widget_type=\"heading.default\">\n\t\t\t\t<div class=\"elementor-widget-container\">\n\t\t\t\t\t<h1 class=\"elementor-heading-title elementor-size-xl\">\u00dcber uns<\/h1>\t\t\t\t<\/div>\n\t\t\t\t<\/div>\n\t\t\t\t\t<\/div>\n\t\t<\/div>\n\t\t\t\t\t<\/div>\n\t\t<\/section>\n\t\t\t\t<section class=\"elementor-section elementor-top-section elementor-element elementor-element-aa7d220 elementor-section-boxed elementor-section-height-default elementor-section-height-default\" data-id=\"aa7d220\" data-element_type=\"section\" data-e-type=\"section\">\n\t\t\t\t\t\t<div class=\"elementor-container elementor-column-gap-default\">\n\t\t\t\t\t<div class=\"elementor-column elementor-col-100 elementor-top-column elementor-element elementor-element-7d24e29\" data-id=\"7d24e29\" data-element_type=\"column\" data-e-type=\"column\">\n\t\t\t<div class=\"elementor-widget-wrap elementor-element-populated\">\n\t\t\t\t\t\t<div class=\"elementor-element elementor-element-efa668b elementor-widget-divider--view-line elementor-widget elementor-widget-divider\" data-id=\"efa668b\" data-element_type=\"widget\" data-e-type=\"widget\" data-widget_type=\"divider.default\">\n\t\t\t\t<div class=\"elementor-widget-container\">\n\t\t\t\t\t\t\t<div class=\"elementor-divider\">\n\t\t\t<span class=\"elementor-divider-separator\">\n\t\t\t\t\t\t<\/span>\n\t\t<\/div>\n\t\t\t\t\t\t<\/div>\n\t\t\t\t<\/div>\n\t\t\t\t\t<\/div>\n\t\t<\/div>\n\t\t\t\t\t<\/div>\n\t\t<\/section>\n\t\t\t\t<section class=\"elementor-section elementor-top-section elementor-element elementor-element-c8d1c93 elementor-section-boxed elementor-section-height-default elementor-section-height-default\" data-id=\"c8d1c93\" data-element_type=\"section\" data-e-type=\"section\">\n\t\t\t\t\t\t<div class=\"elementor-container elementor-column-gap-default\">\n\t\t\t\t\t<div class=\"elementor-column elementor-col-100 elementor-top-column elementor-element elementor-element-742d2d7\" data-id=\"742d2d7\" data-element_type=\"column\" data-e-type=\"column\">\n\t\t\t<div class=\"elementor-widget-wrap elementor-element-populated\">\n\t\t\t\t\t\t<div class=\"elementor-element elementor-element-efc25ca elementor-widget elementor-widget-image\" data-id=\"efc25ca\" data-element_type=\"widget\" data-e-type=\"widget\" data-widget_type=\"image.default\">\n\t\t\t\t<div class=\"elementor-widget-container\">\n\t\t\t\t\t\t\t\t\t\t\t\t\t\t\t<img fetchpriority=\"high\" decoding=\"async\" width=\"300\" height=\"205\" src=\"https:\/\/software-joksch.com\/wp-content\/uploads\/2021\/08\/finito_ueber_uns_got-it-300x205.png\" class=\"attachment-medium size-medium wp-image-751\" alt=\"\" srcset=\"https:\/\/software-joksch.com\/wp-content\/uploads\/2021\/08\/finito_ueber_uns_got-it-300x205.png 300w, https:\/\/software-joksch.com\/wp-content\/uploads\/2021\/08\/finito_ueber_uns_got-it-1024x700.png 1024w, https:\/\/software-joksch.com\/wp-content\/uploads\/2021\/08\/finito_ueber_uns_got-it-768x525.png 768w, https:\/\/software-joksch.com\/wp-content\/uploads\/2021\/08\/finito_ueber_uns_got-it.png 1280w\" sizes=\"(max-width: 300px) 100vw, 300px\" \/>\t\t\t\t\t\t\t\t\t\t\t\t\t\t\t<\/div>\n\t\t\t\t<\/div>\n\t\t\t\t\t<\/div>\n\t\t<\/div>\n\t\t\t\t\t<\/div>\n\t\t<\/section>\n\t\t\t\t<section class=\"elementor-section elementor-top-section elementor-element elementor-element-19b98f2 elementor-section-boxed elementor-section-height-default elementor-section-height-default\" data-id=\"19b98f2\" data-element_type=\"section\" data-e-type=\"section\">\n\t\t\t\t\t\t<div class=\"elementor-container elementor-column-gap-default\">\n\t\t\t\t\t<div class=\"elementor-column elementor-col-100 elementor-top-column elementor-element elementor-element-a2d2ed9\" data-id=\"a2d2ed9\" data-element_type=\"column\" data-e-type=\"column\">\n\t\t\t<div class=\"elementor-widget-wrap elementor-element-populated\">\n\t\t\t\t\t\t<div class=\"elementor-element elementor-element-067ba37 elementor-widget elementor-widget-heading\" data-id=\"067ba37\" data-element_type=\"widget\" data-e-type=\"widget\" data-widget_type=\"heading.default\">\n\t\t\t\t<div class=\"elementor-widget-container\">\n\t\t\t\t\t<h2 class=\"elementor-heading-title elementor-size-large\">Unsere Mission<\/h2>\t\t\t\t<\/div>\n\t\t\t\t<\/div>\n\t\t\t\t\t<\/div>\n\t\t<\/div>\n\t\t\t\t\t<\/div>\n\t\t<\/section>\n\t\t\t\t<section class=\"elementor-section elementor-top-section elementor-element elementor-element-a3f5772 elementor-section-boxed elementor-section-height-default elementor-section-height-default\" data-id=\"a3f5772\" data-element_type=\"section\" data-e-type=\"section\">\n\t\t\t\t\t\t<div class=\"elementor-container elementor-column-gap-default\">\n\t\t\t\t\t<div class=\"elementor-column elementor-col-100 elementor-top-column elementor-element elementor-element-e035db1\" data-id=\"e035db1\" data-element_type=\"column\" data-e-type=\"column\">\n\t\t\t<div class=\"elementor-widget-wrap elementor-element-populated\">\n\t\t\t\t\t\t<div class=\"elementor-element elementor-element-2206d4c elementor-widget elementor-widget-text-editor\" data-id=\"2206d4c\" data-element_type=\"widget\" data-e-type=\"widget\" data-widget_type=\"text-editor.default\">\n\t\t\t\t<div class=\"elementor-widget-container\">\n\t\t\t\t\t\t\t\t\t<p>2019 fusionierten wir mit der deutschen Firma Joksch-IT, die seit 2003 Ihren Sitz in M\u00fcnchen hatte, 2015 verlagerte sie die Niederlassung in der Schweiz. 2021 wurde die Niederlassung nach Teneriffa verlegt. Internationale Kunden blieben bis heute unserer Firma treu.<\/p>\t\t\t\t\t\t\t\t<\/div>\n\t\t\t\t<\/div>\n\t\t\t\t\t<\/div>\n\t\t<\/div>\n\t\t\t\t\t<\/div>\n\t\t<\/section>\n\t\t\t\t<section class=\"elementor-section elementor-top-section elementor-element elementor-element-2ac18b6 elementor-section-boxed elementor-section-height-default elementor-section-height-default\" data-id=\"2ac18b6\" data-element_type=\"section\" data-e-type=\"section\">\n\t\t\t\t\t\t<div class=\"elementor-container elementor-column-gap-default\">\n\t\t\t\t\t<div class=\"elementor-column elementor-col-100 elementor-top-column elementor-element elementor-element-f7d57a9\" data-id=\"f7d57a9\" data-element_type=\"column\" data-e-type=\"column\">\n\t\t\t<div class=\"elementor-widget-wrap elementor-element-populated\">\n\t\t\t\t\t\t<div class=\"elementor-element elementor-element-c1cc8d2 elementor-widget elementor-widget-heading\" data-id=\"c1cc8d2\" data-element_type=\"widget\" data-e-type=\"widget\" data-widget_type=\"heading.default\">\n\t\t\t\t<div class=\"elementor-widget-container\">\n\t\t\t\t\t<h1 class=\"elementor-heading-title elementor-size-large\">Die Firmenkultur<\/h1>\t\t\t\t<\/div>\n\t\t\t\t<\/div>\n\t\t\t\t\t<\/div>\n\t\t<\/div>\n\t\t\t\t\t<\/div>\n\t\t<\/section>\n\t\t\t\t<section class=\"elementor-section elementor-top-section elementor-element elementor-element-46f0a93 elementor-section-boxed elementor-section-height-default elementor-section-height-default\" data-id=\"46f0a93\" data-element_type=\"section\" data-e-type=\"section\">\n\t\t\t\t\t\t<div class=\"elementor-container elementor-column-gap-default\">\n\t\t\t\t\t<div class=\"elementor-column elementor-col-100 elementor-top-column elementor-element elementor-element-1708894\" data-id=\"1708894\" data-element_type=\"column\" data-e-type=\"column\">\n\t\t\t<div class=\"elementor-widget-wrap elementor-element-populated\">\n\t\t\t\t\t\t<div class=\"elementor-element elementor-element-b0d236c elementor-widget elementor-widget-text-editor\" data-id=\"b0d236c\" data-element_type=\"widget\" data-e-type=\"widget\" data-widget_type=\"text-editor.default\">\n\t\t\t\t<div class=\"elementor-widget-container\">\n\t\t\t\t\t\t\t\t\t<ul><li>Wir sind ein starkes Team. Respektvoller, kollegialer und wertsch\u00e4tzender Umgang ist f\u00fcr uns selbstverst\u00e4ndlich.<\/li><li>Toleranz wird bei uns grossgeschrieben. Unsere unterschiedlichen Charaktere und Denkweisen zeichnen uns aus.<\/li><li>Gemeinsam erreichen wir grosse Ziele. T\u00e4glich motivieren wir uns gegenseitig und hinterfragen konsequent den Status Quo, denn wir bleiben nicht stehen.<\/li><li>Wir sind anders. Unkonventionelle, freche und innovative Ideen sind genau unser Ding.<\/li><li>Wir \u00fcbernehmen Verantwortung. Eigenverantwortliches Handeln und schlanke Strukturen sind f\u00fcr uns die Basis, um dynamisch und agil zu bleiben.<\/li><li>Unsere Werte\u00a0sind uns wichtig<\/li><\/ul>\t\t\t\t\t\t\t\t<\/div>\n\t\t\t\t<\/div>\n\t\t\t\t\t<\/div>\n\t\t<\/div>\n\t\t\t\t\t<\/div>\n\t\t<\/section>\n\t\t\t\t<section class=\"elementor-section elementor-top-section elementor-element elementor-element-4b18c78 elementor-section-boxed elementor-section-height-default elementor-section-height-default\" data-id=\"4b18c78\" data-element_type=\"section\" data-e-type=\"section\">\n\t\t\t\t\t\t<div class=\"elementor-container elementor-column-gap-default\">\n\t\t\t\t\t<div class=\"elementor-column elementor-col-100 elementor-top-column elementor-element elementor-element-f9d2a7f\" data-id=\"f9d2a7f\" data-element_type=\"column\" data-e-type=\"column\">\n\t\t\t<div class=\"elementor-widget-wrap elementor-element-populated\">\n\t\t\t\t\t\t<div class=\"elementor-element elementor-element-2685f19 elementor-widget elementor-widget-html\" data-id=\"2685f19\" data-element_type=\"widget\" data-e-type=\"widget\" data-widget_type=\"html.default\">\n\t\t\t\t<div class=\"elementor-widget-container\">\n\t\t\t\t\t<script src=\"https:\/\/apps.elfsight.com\/p\/platform.js\" defer><\/script>\r\n<div class=\"elfsight-app-c81d8825-cd1f-494c-b282-f98cdb38f8ae\"><\/div>\t\t\t\t<\/div>\n\t\t\t\t<\/div>\n\t\t\t\t<div class=\"elementor-element elementor-element-902fdd5 elementor-widget elementor-widget-google_maps\" data-id=\"902fdd5\" data-element_type=\"widget\" data-e-type=\"widget\" data-widget_type=\"google_maps.default\">\n\t\t\t\t<div class=\"elementor-widget-container\">\n\t\t\t\t\t\t\t<div class=\"elementor-custom-embed\">\n\t\t\t<iframe loading=\"lazy\"\n\t\t\t\t\tsrc=\"https:\/\/maps.google.com\/maps?q=Calle%20la%20Fuente%2024%2C%2038628%20San%20Miguel%20de%20Abona&#038;t=m&#038;z=11&#038;output=embed&#038;iwloc=near\"\n\t\t\t\t\ttitle=\"Calle la Fuente 24, 38628 San Miguel de Abona\"\n\t\t\t\t\taria-label=\"Calle la Fuente 24, 38628 San Miguel de Abona\"\n\t\t\t><\/iframe>\n\t\t<\/div>\n\t\t\t\t\t\t<\/div>\n\t\t\t\t<\/div>\n\t\t\t\t\t<\/div>\n\t\t<\/div>\n\t\t\t\t\t<\/div>\n\t\t<\/section>\n\t\t\t\t<\/div>\n\t\t","protected":false},"excerpt":{"rendered":"<p>\u00dcber uns Unsere Mission 2019 fusionierten wir mit der deutschen Firma Joksch-IT, die seit 2003 Ihren Sitz in M\u00fcnchen hatte, 2015 verlagerte sie die Niederlassung in der Schweiz. 2021 wurde die Niederlassung nach Teneriffa verlegt. Internationale Kunden blieben bis heute unserer Firma treu. Die Firmenkultur Wir sind ein starkes Team. Respektvoller, kollegialer und wertsch\u00e4tzender Umgang [&hellip;]<\/p>\n","protected":false},"author":2,"featured_media":0,"parent":0,"menu_order":0,"comment_status":"closed","ping_status":"closed","template":"","meta":{"footnotes":""},"class_list":["post-748","page","type-page","status-publish","hentry","entry"],"_links":{"self":[{"href":"https:\/\/software-joksch.com\/index.php?rest_route=\/wp\/v2\/pages\/748","targetHints":{"allow":["GET"]}}],"collection":[{"href":"https:\/\/software-joksch.com\/index.php?rest_route=\/wp\/v2\/pages"}],"about":[{"href":"https:\/\/software-joksch.com\/index.php?rest_route=\/wp\/v2\/types\/page"}],"author":[{"embeddable":true,"href":"https:\/\/software-joksch.com\/index.php?rest_route=\/wp\/v2\/users\/2"}],"replies":[{"embeddable":true,"href":"https:\/\/software-joksch.com\/index.php?rest_route=%2Fwp%2Fv2%2Fcomments&post=748"}],"version-history":[{"count":43,"href":"https:\/\/software-joksch.com\/index.php?rest_route=\/wp\/v2\/pages\/748\/revisions"}],"predecessor-version":[{"id":1750,"href":"https:\/\/software-joksch.com\/index.php?rest_route=\/wp\/v2\/pages\/748\/revisions\/1750"}],"wp:attachment":[{"href":"https:\/\/software-joksch.com\/index.php?rest_route=%2Fwp%2Fv2%2Fmedia&parent=748"}],"curies":[{"name":"wp","href":"https:\/\/api.w.org\/{rel}","templated":true}]}}